{"id":4720,"date":"2026-01-03T19:10:35","date_gmt":"2026-01-03T18:10:35","guid":{"rendered":"https:\/\/www.khanittha-tsm.ch\/home\/"},"modified":"2026-01-21T17:48:32","modified_gmt":"2026-01-21T16:48:32","slug":"home","status":"publish","type":"page","link":"https:\/\/www.khanittha-tsm.ch\/en\/","title":{"rendered":"Home"},"content":{"rendered":"\t\t<div data-elementor-type=\"wp-page\" data-elementor-id=\"4720\" class=\"elementor elementor-4720 elementor-288\" data-elementor-post-type=\"page\">\n\t\t\t\t<div class=\"elementor-element elementor-element-946f6da e-flex e-con-boxed e-con e-parent\" data-id=\"946f6da\" data-element_type=\"container\" data-settings=\"{&quot;background_background&quot;:&quot;classic&quot;}\">\n\t\t\t\t\t<div class=\"e-con-inner\">\n\t\t\t\t<div class=\"elementor-element elementor-element-147327e elementor-widget__width-initial elementor-widget elementor-widget-heading\" data-id=\"147327e\" data-element_type=\"widget\" data-widget_type=\"heading.default\">\n\t\t\t\t<div class=\"elementor-widget-container\">\n\t\t\t\t\t<h1 class=\"elementor-heading-title elementor-size-default\">Khanittha Thai Solution Massage<\/h1>\t\t\t\t<\/div>\n\t\t\t\t<\/div>\n\t\t<div class=\"elementor-element elementor-element-126568a e-con-full e-flex e-con e-child\" data-id=\"126568a\" data-element_type=\"container\">\n\t\t\t\t<div class=\"elementor-element elementor-element-4526758 elementor-widget__width-initial elementor-widget elementor-widget-text-editor\" data-id=\"4526758\" data-element_type=\"widget\" data-widget_type=\"text-editor.default\">\n\t\t\t\t<div class=\"elementor-widget-container\">\n\t\t\t\t\t\t\t\t\t<p><span class=\"N9Q8Lc\">Thai Solution Massage is a modern, solution-focused development of traditional Thai massage that combines targeted pressure techniques (acupressure), gentle stretches, and fascia work to relieve energy blockages, tension, and pain, promote mobility, and restore balance in the body<\/span><span class=\"N9Q8Lc\">.<\/span><\/p><p><span class=\"N9Q8Lc\"> It integrates principles from Shiatsu, acupuncture, and yoga to stimulate the 10 energy lines (Sip Sen) and increase physical performance.<\/span><span class=\"uJ19be notranslate\" data-wiz-uids=\"hCVFf_b,hCVFf_c,hCVFf_d\" data-processed=\"true\"><span class=\"vKEkVd\" data-animation-atomic=\"\" data-wiz-attrbind=\"class=hCVFf_b\/TKHnVd;\" data-processed=\"true\"> <\/span><\/span><\/p>\t\t\t\t\t\t\t\t<\/div>\n\t\t\t\t<\/div>\n\t\t\t\t<div class=\"elementor-element elementor-element-360b366 elementor-widget elementor-widget-image\" data-id=\"360b366\" data-element_type=\"widget\" data-widget_type=\"image.default\">\n\t\t\t\t<div class=\"elementor-widget-container\">\n\t\t\t\t\t\t\t\t\t\t\t\t\t\t\t<img decoding=\"async\" src=\"https:\/\/www.khanittha-tsm.ch\/wp-content\/uploads\/elementor\/thumbs\/WhatsApp-Image-2025-12-18-at-14.02.12-rh5teboc0sevtcvsbbhdaqhy12jxk2nta9zo9iwsyq.webp\" title=\"WhatsApp Image 2025-12-18 at 14.02.12\" alt=\"WhatsApp Image 2025-12-18 at 14.02.12\" loading=\"lazy\" \/>\t\t\t\t\t\t\t\t\t\t\t\t\t\t\t<\/div>\n\t\t\t\t<\/div>\n\t\t\t\t<\/div>\n\t\t\t\t<div class=\"elementor-element elementor-element-c8ab935 gallery-spacing-custom elementor-widget__width-initial elementor-widget elementor-widget-image-gallery\" data-id=\"c8ab935\" data-element_type=\"widget\" data-widget_type=\"image-gallery.default\">\n\t\t\t\t<div class=\"elementor-widget-container\">\n\t\t\t\t\t\t\t<div class=\"elementor-image-gallery\">\n\t\t\t<div id='gallery-1' class='gallery galleryid-4720 gallery-columns-4 gallery-size-full'><figure class='gallery-item'>\n\t\t\t<div class='gallery-icon portrait'>\n\t\t\t\t<a data-elementor-open-lightbox=\"yes\" data-elementor-lightbox-slideshow=\"c8ab935\" data-elementor-lightbox-title=\"TSMHowTo2\" data-e-action-hash=\"#elementor-action%3Aaction%3Dlightbox%26settings%3DeyJpZCI6NDkyNywidXJsIjoiaHR0cHM6XC9cL3d3dy5raGFuaXR0aGEtdHNtLmNoXC93cC1jb250ZW50XC91cGxvYWRzXC8yMDI2XC8wMVwvVFNNSG93VG8yLndlYnAiLCJzbGlkZXNob3ciOiJjOGFiOTM1In0%3D\" href='https:\/\/www.khanittha-tsm.ch\/wp-content\/uploads\/2026\/01\/TSMHowTo2.webp'><img fetchpriority=\"high\" decoding=\"async\" width=\"1076\" height=\"1521\" src=\"https:\/\/www.khanittha-tsm.ch\/wp-content\/uploads\/2026\/01\/TSMHowTo2.webp\" class=\"attachment-full size-full\" alt=\"\" srcset=\"https:\/\/www.khanittha-tsm.ch\/wp-content\/uploads\/2026\/01\/TSMHowTo2.webp 1076w, https:\/\/www.khanittha-tsm.ch\/wp-content\/uploads\/2026\/01\/TSMHowTo2-212x300.jpeg 212w, https:\/\/www.khanittha-tsm.ch\/wp-content\/uploads\/2026\/01\/TSMHowTo2-724x1024.jpeg 724w, https:\/\/www.khanittha-tsm.ch\/wp-content\/uploads\/2026\/01\/TSMHowTo2-768x1086.jpeg 768w\" sizes=\"(max-width: 1076px) 100vw, 1076px\" \/><\/a>\n\t\t\t<\/div><\/figure><figure class='gallery-item'>\n\t\t\t<div class='gallery-icon landscape'>\n\t\t\t\t<a data-elementor-open-lightbox=\"yes\" data-elementor-lightbox-slideshow=\"c8ab935\" data-elementor-lightbox-title=\"TSMHowTo1\" data-e-action-hash=\"#elementor-action%3Aaction%3Dlightbox%26settings%3DeyJpZCI6NDkyNiwidXJsIjoiaHR0cHM6XC9cL3d3dy5raGFuaXR0aGEtdHNtLmNoXC93cC1jb250ZW50XC91cGxvYWRzXC8yMDI2XC8wMVwvVFNNSG93VG8xLndlYnAiLCJzbGlkZXNob3ciOiJjOGFiOTM1In0%3D\" href='https:\/\/www.khanittha-tsm.ch\/wp-content\/uploads\/2026\/01\/TSMHowTo1.webp'><img decoding=\"async\" width=\"2048\" height=\"2048\" src=\"https:\/\/www.khanittha-tsm.ch\/wp-content\/uploads\/2026\/01\/TSMHowTo1.webp\" class=\"attachment-full size-full\" alt=\"\" \/><\/a>\n\t\t\t<\/div><\/figure>\n\t\t<\/div>\n\t\t<\/div>\n\t\t\t\t\t\t<\/div>\n\t\t\t\t<\/div>\n\t\t\t\t\t<\/div>\n\t\t\t\t<\/div>\n\t\t<div class=\"elementor-element elementor-element-dc4286b e-flex e-con-boxed e-con e-parent\" data-id=\"dc4286b\" data-element_type=\"container\" data-settings=\"{&quot;background_background&quot;:&quot;classic&quot;}\">\n\t\t\t\t\t<div class=\"e-con-inner\">\n\t\t\t\t<div class=\"elementor-element elementor-element-22fe460 elementor-widget__width-initial elementor-widget elementor-widget-heading\" data-id=\"22fe460\" data-element_type=\"widget\" data-widget_type=\"heading.default\">\n\t\t\t\t<div class=\"elementor-widget-container\">\n\t\t\t\t\t<h2 class=\"elementor-heading-title elementor-size-default\">Key features of Thai Solution Massage<\/h2>\t\t\t\t<\/div>\n\t\t\t\t<\/div>\n\t\t<div class=\"elementor-element elementor-element-6ff330c e-flex e-con-boxed e-con e-child\" data-id=\"6ff330c\" data-element_type=\"container\">\n\t\t\t\t\t<div class=\"e-con-inner\">\n\t\t<div class=\"elementor-element elementor-element-1735a8d e-con-full e-flex e-con e-child\" data-id=\"1735a8d\" data-element_type=\"container\">\n\t\t\t\t<div class=\"elementor-element elementor-element-84d6513 elementor-position-inline-start elementor-mobile-position-inline-start elementor-view-default elementor-widget elementor-widget-icon-box\" data-id=\"84d6513\" data-element_type=\"widget\" data-widget_type=\"icon-box.default\">\n\t\t\t\t<div class=\"elementor-widget-container\">\n\t\t\t\t\t\t\t<div class=\"elementor-icon-box-wrapper\">\n\n\t\t\t\t\t\t<div class=\"elementor-icon-box-icon\">\n\t\t\t\t<span  class=\"elementor-icon\">\n\t\t\t\t<svg xmlns=\"http:\/\/www.w3.org\/2000\/svg\" viewBox=\"0 0 36 36\"><path fill=\"#3B88C3\" d=\"M36 32c0 2.209-1.791 4-4 4H4c-2.209 0-4-1.791-4-4V4c0-2.209 1.791-4 4-4h28c2.209 0 4 1.791 4 4v28z\"><\/path><path fill=\"#FFF\" d=\"M16.462 11.175h-1.829c-1.488 0-2.108-1.085-2.108-2.139 0-1.085.775-2.14 2.108-2.14h4.402c1.334 0 2.078.961 2.078 2.201V26.74c0 1.551-.992 2.418-2.326 2.418-1.333 0-2.325-.867-2.325-2.418V11.175z\"><\/path><\/svg>\t\t\t\t<\/span>\n\t\t\t<\/div>\n\t\t\t\n\t\t\t\t\t\t<div class=\"elementor-icon-box-content\">\n\n\t\t\t\t\t\t\t\t\t<h6 class=\"elementor-icon-box-title\">\n\t\t\t\t\t\t<span  >\n\t\t\t\t\t\t\tBasis\t\t\t\t\t\t<\/span>\n\t\t\t\t\t<\/h6>\n\t\t\t\t\n\t\t\t\t\t\t\t\t\t<p class=\"elementor-icon-box-description\">\n\t\t\t\t\t\tIt is based on the knowledge of Nuad Benja Pakhi and the teaching of energy lines (Sen lines).\t\t\t\t\t<\/p>\n\t\t\t\t\n\t\t\t<\/div>\n\t\t\t\n\t\t<\/div>\n\t\t\t\t\t\t<\/div>\n\t\t\t\t<\/div>\n\t\t\t\t<div class=\"elementor-element elementor-element-c2dec2b elementor-position-inline-start elementor-mobile-position-inline-start elementor-view-default elementor-widget elementor-widget-icon-box\" data-id=\"c2dec2b\" data-element_type=\"widget\" data-widget_type=\"icon-box.default\">\n\t\t\t\t<div class=\"elementor-widget-container\">\n\t\t\t\t\t\t\t<div class=\"elementor-icon-box-wrapper\">\n\n\t\t\t\t\t\t<div class=\"elementor-icon-box-icon\">\n\t\t\t\t<span  class=\"elementor-icon\">\n\t\t\t\t<svg xmlns=\"http:\/\/www.w3.org\/2000\/svg\" viewBox=\"0 0 36 36\"><path fill=\"#3B88C3\" d=\"M36 32c0 2.209-1.791 4-4 4H4c-2.209 0-4-1.791-4-4V4c0-2.209 1.791-4 4-4h28c2.209 0 4 1.791 4 4v28z\"><\/path><path fill=\"#FFF\" d=\"M23.086 24.907c1.365 0 2.42.62 2.42 2.046 0 1.427-1.055 2.047-2.233 2.047H12.917c-1.364 0-2.418-.62-2.418-2.047 0-.65.403-1.209.713-1.581 2.573-3.069 5.364-5.86 7.721-9.271.558-.806 1.085-1.768 1.085-2.884 0-1.271-.961-2.387-2.233-2.387-3.566 0-1.86 5.023-4.837 5.023-1.488 0-2.264-1.054-2.264-2.264 0-3.906 3.473-7.038 7.287-7.038 3.815 0 6.883 2.512 6.883 6.449 0 4.309-4.805 8.589-7.441 11.906h5.673z\"><\/path><\/svg>\t\t\t\t<\/span>\n\t\t\t<\/div>\n\t\t\t\n\t\t\t\t\t\t<div class=\"elementor-icon-box-content\">\n\n\t\t\t\t\t\t\t\t\t<h6 class=\"elementor-icon-box-title\">\n\t\t\t\t\t\t<span  >\n\t\t\t\t\t\t\tTechniques\t\t\t\t\t\t<\/span>\n\t\t\t\t\t<\/h6>\n\t\t\t\t\n\t\t\t\t\t\t\t\t\t<p class=\"elementor-icon-box-description\">\n\t\t\t\t\t\tIt combines targeted acupressure techniques, gentle to intense stretches, and the loosening of fascia.\t\t\t\t\t<\/p>\n\t\t\t\t\n\t\t\t<\/div>\n\t\t\t\n\t\t<\/div>\n\t\t\t\t\t\t<\/div>\n\t\t\t\t<\/div>\n\t\t\t\t<\/div>\n\t\t<div class=\"elementor-element elementor-element-35b3e96 elementor-hidden-tablet elementor-hidden-mobile e-flex e-con-boxed e-con e-child\" data-id=\"35b3e96\" data-element_type=\"container\">\n\t\t\t\t\t<div class=\"e-con-inner\">\n\t\t\t\t<div class=\"elementor-element elementor-element-02caa4c elementor-widget elementor-widget-image\" data-id=\"02caa4c\" data-element_type=\"widget\" data-widget_type=\"image.default\">\n\t\t\t\t<div class=\"elementor-widget-container\">\n\t\t\t\t\t\t\t\t\t\t\t\t\t\t\t<img decoding=\"async\" width=\"2040\" height=\"1148\" src=\"https:\/\/www.khanittha-tsm.ch\/wp-content\/uploads\/2026\/01\/Massage-TSM.webp\" class=\"attachment-full size-full wp-image-4889\" alt=\"\" \/>\t\t\t\t\t\t\t\t\t\t\t\t\t\t\t<\/div>\n\t\t\t\t<\/div>\n\t\t\t\t\t<\/div>\n\t\t\t\t<\/div>\n\t\t<div class=\"elementor-element elementor-element-61f5131 e-flex e-con-boxed e-con e-child\" data-id=\"61f5131\" data-element_type=\"container\">\n\t\t\t\t\t<div class=\"e-con-inner\">\n\t\t\t\t<div class=\"elementor-element elementor-element-a75fb6f elementor-position-inline-start elementor-mobile-position-inline-start elementor-view-default elementor-widget elementor-widget-icon-box\" data-id=\"a75fb6f\" data-element_type=\"widget\" data-widget_type=\"icon-box.default\">\n\t\t\t\t<div class=\"elementor-widget-container\">\n\t\t\t\t\t\t\t<div class=\"elementor-icon-box-wrapper\">\n\n\t\t\t\t\t\t<div class=\"elementor-icon-box-icon\">\n\t\t\t\t<span  class=\"elementor-icon\">\n\t\t\t\t<svg xmlns=\"http:\/\/www.w3.org\/2000\/svg\" viewBox=\"0 0 36 36\"><path fill=\"#3B88C3\" d=\"M36 32c0 2.209-1.791 4-4 4H4c-2.209 0-4-1.791-4-4V4c0-2.209 1.791-4 4-4h28c2.209 0 4 1.791 4 4v28z\"><\/path><path fill=\"#FFF\" d=\"M24.109 12.226c0 1.954-.836 3.659-2.542 4.744 2.232 1.024 3.782 3.101 3.782 5.55 0 3.721-3.41 6.853-7.813 6.853-4.589 0-7.441-3.38-7.441-5.829 0-1.209 1.272-2.077 2.388-2.077 2.108 0 1.612 3.628 5.116 3.628 1.612 0 2.915-1.24 2.915-2.884 0-4.341-5.272-1.147-5.272-4.806 0-3.255 4.402-1.054 4.402-4.496 0-1.179-.836-2.078-2.232-2.078-2.945 0-2.542 3.038-4.651 3.038-1.271 0-2.015-1.147-2.015-2.294 0-2.418 3.317-5.023 6.759-5.023 4.466 0 6.604 3.256 6.604 5.674z\"><\/path><\/svg>\t\t\t\t<\/span>\n\t\t\t<\/div>\n\t\t\t\n\t\t\t\t\t\t<div class=\"elementor-icon-box-content\">\n\n\t\t\t\t\t\t\t\t\t<h6 class=\"elementor-icon-box-title\">\n\t\t\t\t\t\t<span  >\n\t\t\t\t\t\t\tApproach\t\t\t\t\t\t<\/span>\n\t\t\t\t\t<\/h6>\n\t\t\t\t\n\t\t\t\t\t\t\t\t\t<p class=\"elementor-icon-box-description\">\n\t\t\t\t\t\tIn contrast to standard wellness massage, the treatment is individually tailored to the client's specific blockages or pain points (\u201csolution-oriented\u201d). No erotic massages!\t\t\t\t\t<\/p>\n\t\t\t\t\n\t\t\t<\/div>\n\t\t\t\n\t\t<\/div>\n\t\t\t\t\t\t<\/div>\n\t\t\t\t<\/div>\n\t\t\t\t<div class=\"elementor-element elementor-element-455ca1d elementor-position-inline-start elementor-mobile-position-inline-start elementor-view-default elementor-widget elementor-widget-icon-box\" data-id=\"455ca1d\" data-element_type=\"widget\" data-widget_type=\"icon-box.default\">\n\t\t\t\t<div class=\"elementor-widget-container\">\n\t\t\t\t\t\t\t<div class=\"elementor-icon-box-wrapper\">\n\n\t\t\t\t\t\t<div class=\"elementor-icon-box-icon\">\n\t\t\t\t<span  class=\"elementor-icon\">\n\t\t\t\t<svg xmlns=\"http:\/\/www.w3.org\/2000\/svg\" viewBox=\"0 0 36 36\"><path fill=\"#3B88C3\" d=\"M36 32c0 2.209-1.791 4-4 4H4c-2.209 0-4-1.791-4-4V4c0-2.209 1.791-4 4-4h28c2.209 0 4 1.791 4 4v28z\"><\/path><path fill=\"#FFF\" d=\"M10.769 24.132c-1.519 0-2.17-1.022-2.17-1.829 0-.682.248-1.055.434-1.364L15.979 8.35c.682-1.24 1.55-1.798 3.162-1.798 1.799 0 3.566 1.147 3.566 3.969v9.519h.527c1.209 0 2.17.807 2.17 2.047 0 1.24-.961 2.046-2.17 2.046h-.527v2.636c0 1.644-.651 2.418-2.232 2.418-1.581 0-2.233-.774-2.233-2.418v-2.636h-7.473zm7.473-12.743h-.062l-4.186 8.65h4.248v-8.65z\"><\/path><\/svg>\t\t\t\t<\/span>\n\t\t\t<\/div>\n\t\t\t\n\t\t\t\t\t\t<div class=\"elementor-icon-box-content\">\n\n\t\t\t\t\t\t\t\t\t<h6 class=\"elementor-icon-box-title\">\n\t\t\t\t\t\t<span  >\n\t\t\t\t\t\t\tProcedure\t\t\t\t\t\t<\/span>\n\t\t\t\t\t<\/h6>\n\t\t\t\t\n\t\t\t\t\t\t\t\t\t<p class=\"elementor-icon-box-description\">\n\t\t\t\t\t\tThe massage is usually performed without oil and with the client clothed (comfortable clothing is recommended).\t\t\t\t\t<\/p>\n\t\t\t\t\n\t\t\t<\/div>\n\t\t\t\n\t\t<\/div>\n\t\t\t\t\t\t<\/div>\n\t\t\t\t<\/div>\n\t\t\t\t\t<\/div>\n\t\t\t\t<\/div>\n\t\t\t\t\t<\/div>\n\t\t\t\t<\/div>\n\t\t\t\t\t<\/div>\n\t\t\t\t<\/div>\n\t\t<div class=\"elementor-element elementor-element-1deb5b8 e-flex e-con-boxed e-con e-parent\" data-id=\"1deb5b8\" data-element_type=\"container\" data-settings=\"{&quot;background_background&quot;:&quot;classic&quot;}\">\n\t\t\t\t\t<div class=\"e-con-inner\">\n\t\t\t\t<div class=\"elementor-element elementor-element-d07c8c3 elementor-widget elementor-widget-heading\" data-id=\"d07c8c3\" data-element_type=\"widget\" data-widget_type=\"heading.default\">\n\t\t\t\t<div class=\"elementor-widget-container\">\n\t\t\t\t\t<h3 class=\"elementor-heading-title elementor-size-default\">Our services<\/h3>\t\t\t\t<\/div>\n\t\t\t\t<\/div>\n\t\t\t\t<div class=\"elementor-element elementor-element-3dd1aff elementor-widget elementor-widget-latepoint_list_of_resources\" data-id=\"3dd1aff\" data-element_type=\"widget\" data-widget_type=\"latepoint_list_of_resources.default\">\n\t\t\t\t<div class=\"elementor-widget-container\">\n\t\t\t\t\t<div class=\"latepoint-resources-items-w resources-columns-3\"><div class=\"resource-item \"><div class=\"ri-name\"><h3>Thai Solution Massage Extended<\/h3><\/div><div class=\"ri-price\">CHF 120<\/div><div class=\"ri-description\">Eine Behandlungsdauer von 90 Minuten inkl. ca. 10 Minuten Vorabkl\u00e4rung f\u00fcr Neukunden. Aktion bis Ende M\u00e4rz Fr. 90.<\/div><div class=\"ri-buttons elementor-button-wrapper\">\n\t\t\t\t\t\t<a href=\"#\" data-selected-location=\"1\" data-selected-agent=\"1\"  class=\"latepoint-book-button os_trigger_booking elementor-button elementor-button-link elementor-size-sm\" data-selected-service=\"2\">TERMIN BUCHEN<\/a>\n\t\t\t\t\t<\/div><\/div><div class=\"resource-item \"><div class=\"ri-name\"><h3>Thai Solution Massage Full<\/h3><\/div><div class=\"ri-price\">CHF 160<\/div><div class=\"ri-description\">Eine Behandlungsdauer von 120 Minuten inkl. ca. 10 Minuten Vorabkl\u00e4rung f\u00fcr Neukunden<\/div><div class=\"ri-buttons elementor-button-wrapper\">\n\t\t\t\t\t\t<a href=\"#\" data-selected-location=\"1\" data-selected-agent=\"1\"  class=\"latepoint-book-button os_trigger_booking elementor-button elementor-button-link elementor-size-sm\" data-selected-service=\"3\">TERMIN BUCHEN<\/a>\n\t\t\t\t\t<\/div><\/div><\/div>\t\t\t\t\t\t<\/div>\n\t\t\t\t<\/div>\n\t\t\t\t<div class=\"elementor-element elementor-element-3212887 elementor-widget elementor-widget-text-editor\" data-id=\"3212887\" data-element_type=\"widget\" data-widget_type=\"text-editor.default\">\n\t\t\t\t<div class=\"elementor-widget-container\">\n\t\t\t\t\t\t\t\t\t<p>Opening hours: Monday &#8211; Saturday from 9:00 AM &#8211; 7:00 PM (Saturday 9:00 AM &#8211; 6:00 PM). Closed on Sundays and public holidays<\/p>\t\t\t\t\t\t\t\t<\/div>\n\t\t\t\t<\/div>\n\t\t\t\t\t<\/div>\n\t\t\t\t<\/div>\n\t\t\t\t<\/div>\n\t\t","protected":false},"excerpt":{"rendered":"<p>Khanittha Thai Solution Massage Thai Solution Massage is a modern, solution-focused development of traditional Thai massage that combines targeted pressure techniques (acupressure), gentle stretches, and fascia work to relieve energy blockages, tension, and pain, promote mobility, and restore balance in the body. It integrates principles from Shiatsu, acupuncture, and yoga to stimulate the 10 energy [&hellip;]<\/p>\n","protected":false},"author":1,"featured_media":0,"parent":0,"menu_order":0,"comment_status":"closed","ping_status":"closed","template":"","meta":{"site-sidebar-layout":"no-sidebar","site-content-layout":"","ast-site-content-layout":"full-width-container","site-content-style":"default","site-sidebar-style":"default","ast-global-header-display":"","ast-banner-title-visibility":"","ast-main-header-display":"","ast-hfb-above-header-display":"","ast-hfb-below-header-display":"","ast-hfb-mobile-header-display":"","site-post-title":"disabled","ast-breadcrumbs-content":"","ast-featured-img":"disabled","footer-sml-layout":"","ast-disable-related-posts":"","theme-transparent-header-meta":"","adv-header-id-meta":"","stick-header-meta":"","header-above-stick-meta":"","header-main-stick-meta":"","header-below-stick-meta":"","astra-migrate-meta-layouts":"default","ast-page-background-enabled":"default","ast-page-background-meta":{"desktop":{"background-color":"var(--ast-global-color-4)","background-image":"","background-repeat":"repeat","background-position":"center center","background-size":"auto","background-attachment":"scroll","background-type":"","background-media":"","overlay-type":"","overlay-color":"","overlay-opacity":"","overlay-gradient":""},"tablet":{"background-color":"","background-image":"","background-repeat":"repeat","background-position":"center center","background-size":"auto","background-attachment":"scroll","background-type":"","background-media":"","overlay-type":"","overlay-color":"","overlay-opacity":"","overlay-gradient":""},"mobile":{"background-color":"","background-image":"","background-repeat":"repeat","background-position":"center center","background-size":"auto","background-attachment":"scroll","background-type":"","background-media":"","overlay-type":"","overlay-color":"","overlay-opacity":"","overlay-gradient":""}},"ast-content-background-meta":{"desktop":{"background-color":"var(--ast-global-color-5)","background-image":"","background-repeat":"repeat","background-position":"center center","background-size":"auto","background-attachment":"scroll","background-type":"","background-media":"","overlay-type":"","overlay-color":"","overlay-opacity":"","overlay-gradient":""},"tablet":{"background-color":"var(--ast-global-color-5)","background-image":"","background-repeat":"repeat","background-position":"center center","background-size":"auto","background-attachment":"scroll","background-type":"","background-media":"","overlay-type":"","overlay-color":"","overlay-opacity":"","overlay-gradient":""},"mobile":{"background-color":"var(--ast-global-color-5)","background-image":"","background-repeat":"repeat","background-position":"center center","background-size":"auto","background-attachment":"scroll","background-type":"","background-media":"","overlay-type":"","overlay-color":"","overlay-opacity":"","overlay-gradient":""}},"footnotes":""},"class_list":["post-4720","page","type-page","status-publish","hentry"],"_links":{"self":[{"href":"https:\/\/www.khanittha-tsm.ch\/en\/wp-json\/wp\/v2\/pages\/4720","targetHints":{"allow":["GET"]}}],"collection":[{"href":"https:\/\/www.khanittha-tsm.ch\/en\/wp-json\/wp\/v2\/pages"}],"about":[{"href":"https:\/\/www.khanittha-tsm.ch\/en\/wp-json\/wp\/v2\/types\/page"}],"author":[{"embeddable":true,"href":"https:\/\/www.khanittha-tsm.ch\/en\/wp-json\/wp\/v2\/users\/1"}],"replies":[{"embeddable":true,"href":"https:\/\/www.khanittha-tsm.ch\/en\/wp-json\/wp\/v2\/comments?post=4720"}],"version-history":[{"count":11,"href":"https:\/\/www.khanittha-tsm.ch\/en\/wp-json\/wp\/v2\/pages\/4720\/revisions"}],"predecessor-version":[{"id":4961,"href":"https:\/\/www.khanittha-tsm.ch\/en\/wp-json\/wp\/v2\/pages\/4720\/revisions\/4961"}],"wp:attachment":[{"href":"https:\/\/www.khanittha-tsm.ch\/en\/wp-json\/wp\/v2\/media?parent=4720"}],"curies":[{"name":"wp","href":"https:\/\/api.w.org\/{rel}","templated":true}]}}